{"id":8289,"date":"2018-03-24T13:57:55","date_gmt":"2018-03-24T12:57:55","guid":{"rendered":"http:\/\/debehogne.be\/dbh\/?page_id=8289"},"modified":"2023-07-06T13:24:22","modified_gmt":"2023-07-06T11:24:22","slug":"web-design","status":"publish","type":"page","link":"http:\/\/debehogne.be\/dbh\/web-design\/","title":{"rendered":"WEB DESIGN"},"content":{"rendered":"\t\t<div data-elementor-type=\"wp-page\" data-elementor-id=\"8289\" class=\"elementor elementor-8289\">\n\t\t\t\t\t\t\t\t\t<section class=\"elementor-section elementor-top-section elementor-element elementor-element-508a10e6 elementor-section-stretched elementor-reverse-mobile elementor-section-full_width elementor-section-height-default elementor-section-height-default\" data-id=\"508a10e6\" data-element_type=\"section\" data-settings=\"{&quot;stretch_section&quot;:&quot;section-stretched&quot;,&quot;background_background&quot;:&quot;classic&quot;}\">\n\t\t\t\t\t\t<div class=\"elementor-container elementor-column-gap-default\">\n\t\t\t\t\t<div class=\"elementor-column elementor-col-100 elementor-top-column elementor-element elementor-element-5d757482\" data-id=\"5d757482\" data-element_type=\"column\" data-settings=\"{&quot;background_background&quot;:&quot;classic&quot;}\">\n\t\t\t<div class=\"elementor-widget-wrap elementor-element-populated\">\n\t\t\t\t\t\t\t\t<section class=\"elementor-section elementor-inner-section elementor-element elementor-element-7c1183d3 elementor-section-boxed elementor-section-height-default elementor-section-height-default\" data-id=\"7c1183d3\" data-element_type=\"section\">\n\t\t\t\t\t\t<div class=\"elementor-container elementor-column-gap-default\">\n\t\t\t\t\t<div class=\"elementor-column elementor-col-33 elementor-inner-column elementor-element elementor-element-2f87cf72\" data-id=\"2f87cf72\" data-element_type=\"column\" data-settings=\"{&quot;background_background&quot;:&quot;classic&quot;}\">\n\t\t\t<div class=\"elementor-widget-wrap elementor-element-populated\">\n\t\t\t\t\t\t\t\t<div class=\"elementor-element elementor-element-013840e elementor-widget elementor-widget-image\" data-id=\"013840e\" data-element_type=\"widget\" data-widget_type=\"image.default\">\n\t\t\t\t<div class=\"elementor-widget-container\">\n\t\t\t<style>\/*! elementor - v3.18.0 - 20-12-2023 *\/\n.elementor-widget-image{text-align:center}.elementor-widget-image a{display:inline-block}.elementor-widget-image a img[src$=\".svg\"]{width:48px}.elementor-widget-image img{vertical-align:middle;display:inline-block}<\/style>\t\t\t\t\t\t\t\t\t\t\t\t\t<a href=\"http:\/\/mariefikry.com\/\" target=\"_blank\">\n\t\t\t\t\t\t\t<img fetchpriority=\"high\" decoding=\"async\" width=\"1024\" height=\"741\" src=\"http:\/\/debehogne.be\/dbh\/wp-content\/uploads\/Screen-Shot-2018-03-24-at-14.17.18-1024x741.jpg\" class=\"attachment-large size-large wp-image-8308\" alt=\"\" srcset=\"http:\/\/debehogne.be\/dbh\/wp-content\/uploads\/Screen-Shot-2018-03-24-at-14.17.18-1024x741.jpg 1024w, http:\/\/debehogne.be\/dbh\/wp-content\/uploads\/Screen-Shot-2018-03-24-at-14.17.18-300x217.jpg 300w\" sizes=\"(max-width: 1024px) 100vw, 1024px\" \/>\t\t\t\t\t\t\t\t<\/a>\n\t\t\t\t\t\t\t\t\t\t\t\t\t\t\t<\/div>\n\t\t\t\t<\/div>\n\t\t\t\t<div class=\"elementor-element elementor-element-0eda45d elementor-widget elementor-widget-heading\" data-id=\"0eda45d\" data-element_type=\"widget\" data-widget_type=\"heading.default\">\n\t\t\t\t<div class=\"elementor-widget-container\">\n\t\t\t<style>\/*! elementor - v3.18.0 - 20-12-2023 *\/\n.elementor-heading-title{padding:0;margin:0;line-height:1}.elementor-widget-heading .elementor-heading-title[class*=elementor-size-]>a{color:inherit;font-size:inherit;line-height:inherit}.elementor-widget-heading .elementor-heading-title.elementor-size-small{font-size:15px}.elementor-widget-heading .elementor-heading-title.elementor-size-medium{font-size:19px}.elementor-widget-heading .elementor-heading-title.elementor-size-large{font-size:29px}.elementor-widget-heading .elementor-heading-title.elementor-size-xl{font-size:39px}.elementor-widget-heading .elementor-heading-title.elementor-size-xxl{font-size:59px}<\/style><h2 class=\"elementor-heading-title elementor-size-large\">Marie Fikry<\/h2>\t\t<\/div>\n\t\t\t\t<\/div>\n\t\t\t\t<div class=\"elementor-element elementor-element-118c580 elementor-widget elementor-widget-text-editor\" data-id=\"118c580\" data-element_type=\"widget\" data-widget_type=\"text-editor.default\">\n\t\t\t\t<div class=\"elementor-widget-container\">\n\t\t\t<style>\/*! elementor - v3.18.0 - 20-12-2023 *\/\n.elementor-widget-text-editor.elementor-drop-cap-view-stacked .elementor-drop-cap{background-color:#69727d;color:#fff}.elementor-widget-text-editor.elementor-drop-cap-view-framed .elementor-drop-cap{color:#69727d;border:3px solid;background-color:transparent}.elementor-widget-text-editor:not(.elementor-drop-cap-view-default) .elementor-drop-cap{margin-top:8px}.elementor-widget-text-editor:not(.elementor-drop-cap-view-default) .elementor-drop-cap-letter{width:1em;height:1em}.elementor-widget-text-editor .elementor-drop-cap{float:left;text-align:center;line-height:1;font-size:50px}.elementor-widget-text-editor .elementor-drop-cap-letter{display:inline-block}<\/style>\t\t\t\t<p style=\"text-align: left;\"><span style=\"color: #5d5d5d; font-family: 'Source Sans Pro';\"><span style=\"font-size: 17.3333px;\">Pianiste compositrice \/\/ Oriental Jazz Project<\/span><\/span><\/p>\t\t\t\t\t\t<\/div>\n\t\t\t\t<\/div>\n\t\t\t\t<div class=\"elementor-element elementor-element-37f33e81 elementor-widget elementor-widget-image\" data-id=\"37f33e81\" data-element_type=\"widget\" data-widget_type=\"image.default\">\n\t\t\t\t<div class=\"elementor-widget-container\">\n\t\t\t\t\t\t\t\t\t\t\t\t\t\t\t\t<a href=\"http:\/\/trio14.be\/\" target=\"_blank\">\n\t\t\t\t\t\t\t<img decoding=\"async\" width=\"1024\" height=\"533\" src=\"http:\/\/debehogne.be\/dbh\/wp-content\/uploads\/Screen-Shot-2018-03-24-at-14.10.16-1024x533.jpg\" class=\"attachment-large size-large wp-image-8299\" alt=\"\" srcset=\"http:\/\/debehogne.be\/dbh\/wp-content\/uploads\/Screen-Shot-2018-03-24-at-14.10.16-1024x533.jpg 1024w, http:\/\/debehogne.be\/dbh\/wp-content\/uploads\/Screen-Shot-2018-03-24-at-14.10.16-300x156.jpg 300w\" sizes=\"(max-width: 1024px) 100vw, 1024px\" \/>\t\t\t\t\t\t\t\t<\/a>\n\t\t\t\t\t\t\t\t\t\t\t\t\t\t\t<\/div>\n\t\t\t\t<\/div>\n\t\t\t\t<div class=\"elementor-element elementor-element-455e585f elementor-widget elementor-widget-heading\" data-id=\"455e585f\" data-element_type=\"widget\" data-widget_type=\"heading.default\">\n\t\t\t\t<div class=\"elementor-widget-container\">\n\t\t\t<h2 class=\"elementor-heading-title elementor-size-large\">Trio14<\/h2>\t\t<\/div>\n\t\t\t\t<\/div>\n\t\t\t\t<div class=\"elementor-element elementor-element-6ecdf892 elementor-widget elementor-widget-text-editor\" data-id=\"6ecdf892\" data-element_type=\"widget\" data-widget_type=\"text-editor.default\">\n\t\t\t\t<div class=\"elementor-widget-container\">\n\t\t\t\t\t\t\t<p style=\"text-align: left;\"><span style=\"color: #5d5d5d; font-family: 'Source Sans Pro';\"><span style=\"font-size: 17.3333px;\">Musique folk.<\/span><\/span><\/p>\t\t\t\t\t\t<\/div>\n\t\t\t\t<\/div>\n\t\t\t\t\t<\/div>\n\t\t<\/div>\n\t\t\t\t<div class=\"elementor-column elementor-col-33 elementor-inner-column elementor-element elementor-element-1740f42e\" data-id=\"1740f42e\" data-element_type=\"column\" data-settings=\"{&quot;background_background&quot;:&quot;classic&quot;}\">\n\t\t\t<div class=\"elementor-widget-wrap elementor-element-populated\">\n\t\t\t\t\t\t\t\t<div class=\"elementor-element elementor-element-553212a6 elementor-widget elementor-widget-image\" data-id=\"553212a6\" data-element_type=\"widget\" data-widget_type=\"image.default\">\n\t\t\t\t<div class=\"elementor-widget-container\">\n\t\t\t\t\t\t\t\t\t\t\t\t\t\t\t\t<a href=\"http:\/\/www.anne-dasnoy.be\/\" target=\"_blank\">\n\t\t\t\t\t\t\t<img decoding=\"async\" width=\"1024\" height=\"735\" src=\"http:\/\/debehogne.be\/dbh\/wp-content\/uploads\/Screen-Shot-2018-03-24-at-14.08.06-1024x735.jpg\" class=\"attachment-large size-large wp-image-8296\" alt=\"\" srcset=\"http:\/\/debehogne.be\/dbh\/wp-content\/uploads\/Screen-Shot-2018-03-24-at-14.08.06-1024x735.jpg 1024w, http:\/\/debehogne.be\/dbh\/wp-content\/uploads\/Screen-Shot-2018-03-24-at-14.08.06-300x215.jpg 300w\" sizes=\"(max-width: 1024px) 100vw, 1024px\" \/>\t\t\t\t\t\t\t\t<\/a>\n\t\t\t\t\t\t\t\t\t\t\t\t\t\t\t<\/div>\n\t\t\t\t<\/div>\n\t\t\t\t<div class=\"elementor-element elementor-element-e594e76 elementor-widget elementor-widget-heading\" data-id=\"e594e76\" data-element_type=\"widget\" data-widget_type=\"heading.default\">\n\t\t\t\t<div class=\"elementor-widget-container\">\n\t\t\t<h2 class=\"elementor-heading-title elementor-size-large\">Anne Dasnoy<\/h2>\t\t<\/div>\n\t\t\t\t<\/div>\n\t\t\t\t<div class=\"elementor-element elementor-element-a06c451 elementor-widget elementor-widget-text-editor\" data-id=\"a06c451\" data-element_type=\"widget\" data-widget_type=\"text-editor.default\">\n\t\t\t\t<div class=\"elementor-widget-container\">\n\t\t\t\t\t\t\t<p style=\"text-align: left;\"><span style=\"color: #5d5d5d; font-family: 'Source Sans Pro';\"><span style=\"font-size: 17.3333px;\">Psychoth\u00e9rapeute gestaltiste<\/span><\/span><\/p>\t\t\t\t\t\t<\/div>\n\t\t\t\t<\/div>\n\t\t\t\t<div class=\"elementor-element elementor-element-d704f8f elementor-widget elementor-widget-image\" data-id=\"d704f8f\" data-element_type=\"widget\" data-widget_type=\"image.default\">\n\t\t\t\t<div class=\"elementor-widget-container\">\n\t\t\t\t\t\t\t\t\t\t\t\t\t\t\t\t<a href=\"http:\/\/cynthiaevers-peintures.be\/\" target=\"_blank\">\n\t\t\t\t\t\t\t<img loading=\"lazy\" decoding=\"async\" width=\"1024\" height=\"913\" src=\"http:\/\/debehogne.be\/dbh\/wp-content\/uploads\/Screen-Shot-2018-03-24-at-14.15.49-1024x913.jpg\" class=\"attachment-large size-large wp-image-8305\" alt=\"\" srcset=\"http:\/\/debehogne.be\/dbh\/wp-content\/uploads\/Screen-Shot-2018-03-24-at-14.15.49-1024x913.jpg 1024w, http:\/\/debehogne.be\/dbh\/wp-content\/uploads\/Screen-Shot-2018-03-24-at-14.15.49-300x267.jpg 300w\" sizes=\"(max-width: 1024px) 100vw, 1024px\" \/>\t\t\t\t\t\t\t\t<\/a>\n\t\t\t\t\t\t\t\t\t\t\t\t\t\t\t<\/div>\n\t\t\t\t<\/div>\n\t\t\t\t<div class=\"elementor-element elementor-element-61d3f15d elementor-widget elementor-widget-heading\" data-id=\"61d3f15d\" data-element_type=\"widget\" data-widget_type=\"heading.default\">\n\t\t\t\t<div class=\"elementor-widget-container\">\n\t\t\t<h2 class=\"elementor-heading-title elementor-size-large\">Cynthia Evers<\/h2>\t\t<\/div>\n\t\t\t\t<\/div>\n\t\t\t\t<div class=\"elementor-element elementor-element-639d2b8b elementor-widget elementor-widget-text-editor\" data-id=\"639d2b8b\" data-element_type=\"widget\" data-widget_type=\"text-editor.default\">\n\t\t\t\t<div class=\"elementor-widget-container\">\n\t\t\t\t\t\t\t<p style=\"text-align: left;\"><span style=\"color: #5d5d5d; font-family: 'Source Sans Pro';\"><span style=\"font-size: 17.3333px;\">Artiste peintre<\/span><\/span><\/p>\t\t\t\t\t\t<\/div>\n\t\t\t\t<\/div>\n\t\t\t\t\t<\/div>\n\t\t<\/div>\n\t\t\t\t<div class=\"elementor-column elementor-col-33 elementor-inner-column elementor-element elementor-element-32917872\" data-id=\"32917872\" data-element_type=\"column\" data-settings=\"{&quot;background_background&quot;:&quot;classic&quot;}\">\n\t\t\t<div class=\"elementor-widget-wrap elementor-element-populated\">\n\t\t\t\t\t\t\t\t<div class=\"elementor-element elementor-element-95af566 elementor-widget elementor-widget-image\" data-id=\"95af566\" data-element_type=\"widget\" data-widget_type=\"image.default\">\n\t\t\t\t<div class=\"elementor-widget-container\">\n\t\t\t\t\t\t\t\t\t\t\t\t\t\t\t\t<a href=\"http:\/\/www.stephanie-sommet.fr\/\" target=\"_blank\">\n\t\t\t\t\t\t\t<img loading=\"lazy\" decoding=\"async\" width=\"1024\" height=\"719\" src=\"http:\/\/debehogne.be\/dbh\/wp-content\/uploads\/Screen-Shot-2018-03-24-at-14.12.56-1024x719.jpg\" class=\"attachment-large size-large wp-image-8303\" alt=\"\" srcset=\"http:\/\/debehogne.be\/dbh\/wp-content\/uploads\/Screen-Shot-2018-03-24-at-14.12.56-1024x719.jpg 1024w, http:\/\/debehogne.be\/dbh\/wp-content\/uploads\/Screen-Shot-2018-03-24-at-14.12.56-300x211.jpg 300w\" sizes=\"(max-width: 1024px) 100vw, 1024px\" \/>\t\t\t\t\t\t\t\t<\/a>\n\t\t\t\t\t\t\t\t\t\t\t\t\t\t\t<\/div>\n\t\t\t\t<\/div>\n\t\t\t\t<div class=\"elementor-element elementor-element-291bb5e elementor-widget elementor-widget-heading\" data-id=\"291bb5e\" data-element_type=\"widget\" data-widget_type=\"heading.default\">\n\t\t\t\t<div class=\"elementor-widget-container\">\n\t\t\t<h2 class=\"elementor-heading-title elementor-size-large\">St\u00e9phanie Sommet<\/h2>\t\t<\/div>\n\t\t\t\t<\/div>\n\t\t\t\t<div class=\"elementor-element elementor-element-178aed0 elementor-widget elementor-widget-text-editor\" data-id=\"178aed0\" data-element_type=\"widget\" data-widget_type=\"text-editor.default\">\n\t\t\t\t<div class=\"elementor-widget-container\">\n\t\t\t\t\t\t\t<p style=\"text-align: left;\"><span style=\"color: #5d5d5d; font-family: 'Source Sans Pro';\"><span style=\"font-size: 17.3333px;\">Psychoth\u00e9rapeute gestaltiste<\/span><\/span><\/p>\t\t\t\t\t\t<\/div>\n\t\t\t\t<\/div>\n\t\t\t\t<div class=\"elementor-element elementor-element-cfa7101 elementor-widget elementor-widget-image\" data-id=\"cfa7101\" data-element_type=\"widget\" data-widget_type=\"image.default\">\n\t\t\t\t<div class=\"elementor-widget-container\">\n\t\t\t\t\t\t\t\t\t\t\t\t\t\t\t\t<a href=\"http:\/\/vincentgullo.com\/\" target=\"_blank\">\n\t\t\t\t\t\t\t<img loading=\"lazy\" decoding=\"async\" width=\"1024\" height=\"809\" src=\"http:\/\/debehogne.be\/dbh\/wp-content\/uploads\/Screen-Shot-2018-03-24-at-14.11.26-1024x809.jpg\" class=\"attachment-large size-large wp-image-8301\" alt=\"\" srcset=\"http:\/\/debehogne.be\/dbh\/wp-content\/uploads\/Screen-Shot-2018-03-24-at-14.11.26-1024x809.jpg 1024w, http:\/\/debehogne.be\/dbh\/wp-content\/uploads\/Screen-Shot-2018-03-24-at-14.11.26-300x237.jpg 300w\" sizes=\"(max-width: 1024px) 100vw, 1024px\" \/>\t\t\t\t\t\t\t\t<\/a>\n\t\t\t\t\t\t\t\t\t\t\t\t\t\t\t<\/div>\n\t\t\t\t<\/div>\n\t\t\t\t<div class=\"elementor-element elementor-element-3fcdec0b elementor-widget elementor-widget-heading\" data-id=\"3fcdec0b\" data-element_type=\"widget\" data-widget_type=\"heading.default\">\n\t\t\t\t<div class=\"elementor-widget-container\">\n\t\t\t<h2 class=\"elementor-heading-title elementor-size-large\">Vincent Gullo<\/h2>\t\t<\/div>\n\t\t\t\t<\/div>\n\t\t\t\t<div class=\"elementor-element elementor-element-6e1107d7 elementor-widget elementor-widget-text-editor\" data-id=\"6e1107d7\" data-element_type=\"widget\" data-widget_type=\"text-editor.default\">\n\t\t\t\t<div class=\"elementor-widget-container\">\n\t\t\t\t\t\t\t<p style=\"text-align: left;\"><span style=\"color: #5d5d5d; font-family: 'Source Sans Pro';\"><span style=\"font-size: 17.3333px;\">Pianiste compositeur<\/span><\/span><\/p>\t\t\t\t\t\t<\/div>\n\t\t\t\t<\/div>\n\t\t\t\t\t<\/div>\n\t\t<\/div>\n\t\t\t\t\t\t\t<\/div>\n\t\t<\/section>\n\t\t\t\t<div class=\"elementor-element elementor-element-1ebef18 elementor-widget elementor-widget-spacer\" data-id=\"1ebef18\" data-element_type=\"widget\" data-widget_type=\"spacer.default\">\n\t\t\t\t<div class=\"elementor-widget-container\">\n\t\t\t<style>\/*! elementor - v3.18.0 - 20-12-2023 *\/\n.elementor-column .elementor-spacer-inner{height:var(--spacer-size)}.e-con{--container-widget-width:100%}.e-con-inner>.elementor-widget-spacer,.e-con>.elementor-widget-spacer{width:var(--container-widget-width,var(--spacer-size));--align-self:var(--container-widget-align-self,initial);--flex-shrink:0}.e-con-inner>.elementor-widget-spacer>.elementor-widget-container,.e-con>.elementor-widget-spacer>.elementor-widget-container{height:100%;width:100%}.e-con-inner>.elementor-widget-spacer>.elementor-widget-container>.elementor-spacer,.e-con>.elementor-widget-spacer>.elementor-widget-container>.elementor-spacer{height:100%}.e-con-inner>.elementor-widget-spacer>.elementor-widget-container>.elementor-spacer>.elementor-spacer-inner,.e-con>.elementor-widget-spacer>.elementor-widget-container>.elementor-spacer>.elementor-spacer-inner{height:var(--container-widget-height,var(--spacer-size))}.e-con-inner>.elementor-widget-spacer.elementor-widget-empty,.e-con>.elementor-widget-spacer.elementor-widget-empty{position:relative;min-height:22px;min-width:22px}.e-con-inner>.elementor-widget-spacer.elementor-widget-empty .elementor-widget-empty-icon,.e-con>.elementor-widget-spacer.elementor-widget-empty .elementor-widget-empty-icon{position:absolute;top:0;bottom:0;left:0;right:0;margin:auto;padding:0;width:22px;height:22px}<\/style>\t\t<div class=\"elementor-spacer\">\n\t\t\t<div class=\"elementor-spacer-inner\"><\/div>\n\t\t<\/div>\n\t\t\t\t<\/div>\n\t\t\t\t<\/div>\n\t\t\t\t\t<\/div>\n\t\t<\/div>\n\t\t\t\t\t\t\t<\/div>\n\t\t<\/section>\n\t\t\t\t\t\t\t<\/div>\n\t\t","protected":false},"excerpt":{"rendered":"<p>Marie Fikry Pianiste compositrice \/\/ Oriental Jazz Project Trio14 Musique folk. Anne Dasnoy Psychoth\u00e9rapeute gestaltiste Cynthia Evers Artiste peintre St\u00e9phanie Sommet Psychoth\u00e9rapeute gestaltiste Vincent Gullo Pianiste compositeur<\/p>\n","protected":false},"author":1,"featured_media":0,"parent":0,"menu_order":0,"comment_status":"closed","ping_status":"closed","template":"","meta":{"footnotes":""},"class_list":["post-8289","page","type-page","status-publish","hentry"],"yoast_head":"<!-- This site is optimized with the Yoast SEO plugin v21.7 - https:\/\/yoast.com\/wordpress\/plugins\/seo\/ -->\n<title>WEB DESIGN | DEBE STUDIO<\/title>\n<meta name=\"robots\" content=\"index, follow, max-snippet:-1, max-image-preview:large, max-video-preview:-1\" \/>\n<link rel=\"canonical\" href=\"http:\/\/debehogne.be\/dbh\/web-design\/\" \/>\n<meta property=\"og:locale\" content=\"fr_FR\" \/>\n<meta property=\"og:type\" content=\"article\" \/>\n<meta property=\"og:title\" content=\"WEB DESIGN | DEBE STUDIO\" \/>\n<meta property=\"og:description\" content=\"Marie Fikry Pianiste compositrice \/\/ Oriental Jazz Project Trio14 Musique folk. Anne Dasnoy Psychoth\u00e9rapeute gestaltiste Cynthia Evers Artiste peintre St\u00e9phanie Sommet Psychoth\u00e9rapeute gestaltiste Vincent Gullo Pianiste compositeur\" \/>\n<meta property=\"og:url\" content=\"http:\/\/debehogne.be\/dbh\/web-design\/\" \/>\n<meta property=\"og:site_name\" content=\"DEBE STUDIO\" \/>\n<meta property=\"article:publisher\" content=\"https:\/\/www.facebook.com\/debestudio\/\" \/>\n<meta property=\"article:modified_time\" content=\"2023-07-06T11:24:22+00:00\" \/>\n<meta property=\"og:image\" content=\"http:\/\/debehogne.be\/dbh\/wp-content\/uploads\/Screen-Shot-2018-03-24-at-14.17.18-1024x741.jpg\" \/>\n<script type=\"application\/ld+json\" class=\"yoast-schema-graph\">{\"@context\":\"https:\/\/schema.org\",\"@graph\":[{\"@type\":\"WebPage\",\"@id\":\"http:\/\/debehogne.be\/dbh\/web-design\/\",\"url\":\"http:\/\/debehogne.be\/dbh\/web-design\/\",\"name\":\"WEB DESIGN | DEBE STUDIO\",\"isPartOf\":{\"@id\":\"http:\/\/debehogne.be\/dbh\/#website\"},\"datePublished\":\"2018-03-24T12:57:55+00:00\",\"dateModified\":\"2023-07-06T11:24:22+00:00\",\"breadcrumb\":{\"@id\":\"http:\/\/debehogne.be\/dbh\/web-design\/#breadcrumb\"},\"inLanguage\":\"fr-FR\",\"potentialAction\":[{\"@type\":\"ReadAction\",\"target\":[\"http:\/\/debehogne.be\/dbh\/web-design\/\"]}]},{\"@type\":\"BreadcrumbList\",\"@id\":\"http:\/\/debehogne.be\/dbh\/web-design\/#breadcrumb\",\"itemListElement\":[{\"@type\":\"ListItem\",\"position\":1,\"name\":\"Accueil\",\"item\":\"http:\/\/debehogne.be\/dbh\/\"},{\"@type\":\"ListItem\",\"position\":2,\"name\":\"WEB DESIGN\"}]},{\"@type\":\"WebSite\",\"@id\":\"http:\/\/debehogne.be\/dbh\/#website\",\"url\":\"http:\/\/debehogne.be\/dbh\/\",\"name\":\"DEBE STUDIO\",\"description\":\"Cr\u00e9ation graphique et production audiovisuelle\",\"publisher\":{\"@id\":\"http:\/\/debehogne.be\/dbh\/#organization\"},\"potentialAction\":[{\"@type\":\"SearchAction\",\"target\":{\"@type\":\"EntryPoint\",\"urlTemplate\":\"http:\/\/debehogne.be\/dbh\/?s={search_term_string}\"},\"query-input\":\"required name=search_term_string\"}],\"inLanguage\":\"fr-FR\"},{\"@type\":\"Organization\",\"@id\":\"http:\/\/debehogne.be\/dbh\/#organization\",\"name\":\"DEBE STUDIO\",\"url\":\"http:\/\/debehogne.be\/dbh\/\",\"logo\":{\"@type\":\"ImageObject\",\"inLanguage\":\"fr-FR\",\"@id\":\"http:\/\/debehogne.be\/dbh\/#\/schema\/logo\/image\/\",\"url\":\"https:\/\/debehogne.be\/dbh\/wp-content\/uploads\/DEBE_LOGO_300px-2.jpg\",\"contentUrl\":\"https:\/\/debehogne.be\/dbh\/wp-content\/uploads\/DEBE_LOGO_300px-2.jpg\",\"width\":300,\"height\":331,\"caption\":\"DEBE STUDIO\"},\"image\":{\"@id\":\"http:\/\/debehogne.be\/dbh\/#\/schema\/logo\/image\/\"},\"sameAs\":[\"https:\/\/www.facebook.com\/debestudio\/\",\"https:\/\/be.linkedin.com\/in\/pierre-debehogne-51749b23\",\"https:\/\/www.youtube.com\/channel\/UCb6yeRQamEAfHNKx4iHGlsg\"]}]}<\/script>\n<!-- \/ Yoast SEO plugin. -->","yoast_head_json":{"title":"WEB DESIGN | DEBE STUDIO","robots":{"index":"index","follow":"follow","max-snippet":"max-snippet:-1","max-image-preview":"max-image-preview:large","max-video-preview":"max-video-preview:-1"},"canonical":"http:\/\/debehogne.be\/dbh\/web-design\/","og_locale":"fr_FR","og_type":"article","og_title":"WEB DESIGN | DEBE STUDIO","og_description":"Marie Fikry Pianiste compositrice \/\/ Oriental Jazz Project Trio14 Musique folk. Anne Dasnoy Psychoth\u00e9rapeute gestaltiste Cynthia Evers Artiste peintre St\u00e9phanie Sommet Psychoth\u00e9rapeute gestaltiste Vincent Gullo Pianiste compositeur","og_url":"http:\/\/debehogne.be\/dbh\/web-design\/","og_site_name":"DEBE STUDIO","article_publisher":"https:\/\/www.facebook.com\/debestudio\/","article_modified_time":"2023-07-06T11:24:22+00:00","og_image":[{"url":"http:\/\/debehogne.be\/dbh\/wp-content\/uploads\/Screen-Shot-2018-03-24-at-14.17.18-1024x741.jpg"}],"schema":{"@context":"https:\/\/schema.org","@graph":[{"@type":"WebPage","@id":"http:\/\/debehogne.be\/dbh\/web-design\/","url":"http:\/\/debehogne.be\/dbh\/web-design\/","name":"WEB DESIGN | DEBE STUDIO","isPartOf":{"@id":"http:\/\/debehogne.be\/dbh\/#website"},"datePublished":"2018-03-24T12:57:55+00:00","dateModified":"2023-07-06T11:24:22+00:00","breadcrumb":{"@id":"http:\/\/debehogne.be\/dbh\/web-design\/#breadcrumb"},"inLanguage":"fr-FR","potentialAction":[{"@type":"ReadAction","target":["http:\/\/debehogne.be\/dbh\/web-design\/"]}]},{"@type":"BreadcrumbList","@id":"http:\/\/debehogne.be\/dbh\/web-design\/#breadcrumb","itemListElement":[{"@type":"ListItem","position":1,"name":"Accueil","item":"http:\/\/debehogne.be\/dbh\/"},{"@type":"ListItem","position":2,"name":"WEB DESIGN"}]},{"@type":"WebSite","@id":"http:\/\/debehogne.be\/dbh\/#website","url":"http:\/\/debehogne.be\/dbh\/","name":"DEBE STUDIO","description":"Cr\u00e9ation graphique et production audiovisuelle","publisher":{"@id":"http:\/\/debehogne.be\/dbh\/#organization"},"potentialAction":[{"@type":"SearchAction","target":{"@type":"EntryPoint","urlTemplate":"http:\/\/debehogne.be\/dbh\/?s={search_term_string}"},"query-input":"required name=search_term_string"}],"inLanguage":"fr-FR"},{"@type":"Organization","@id":"http:\/\/debehogne.be\/dbh\/#organization","name":"DEBE STUDIO","url":"http:\/\/debehogne.be\/dbh\/","logo":{"@type":"ImageObject","inLanguage":"fr-FR","@id":"http:\/\/debehogne.be\/dbh\/#\/schema\/logo\/image\/","url":"https:\/\/debehogne.be\/dbh\/wp-content\/uploads\/DEBE_LOGO_300px-2.jpg","contentUrl":"https:\/\/debehogne.be\/dbh\/wp-content\/uploads\/DEBE_LOGO_300px-2.jpg","width":300,"height":331,"caption":"DEBE STUDIO"},"image":{"@id":"http:\/\/debehogne.be\/dbh\/#\/schema\/logo\/image\/"},"sameAs":["https:\/\/www.facebook.com\/debestudio\/","https:\/\/be.linkedin.com\/in\/pierre-debehogne-51749b23","https:\/\/www.youtube.com\/channel\/UCb6yeRQamEAfHNKx4iHGlsg"]}]}},"_links":{"self":[{"href":"http:\/\/debehogne.be\/dbh\/wp-json\/wp\/v2\/pages\/8289","targetHints":{"allow":["GET"]}}],"collection":[{"href":"http:\/\/debehogne.be\/dbh\/wp-json\/wp\/v2\/pages"}],"about":[{"href":"http:\/\/debehogne.be\/dbh\/wp-json\/wp\/v2\/types\/page"}],"author":[{"embeddable":true,"href":"http:\/\/debehogne.be\/dbh\/wp-json\/wp\/v2\/users\/1"}],"replies":[{"embeddable":true,"href":"http:\/\/debehogne.be\/dbh\/wp-json\/wp\/v2\/comments?post=8289"}],"version-history":[{"count":38,"href":"http:\/\/debehogne.be\/dbh\/wp-json\/wp\/v2\/pages\/8289\/revisions"}],"predecessor-version":[{"id":9721,"href":"http:\/\/debehogne.be\/dbh\/wp-json\/wp\/v2\/pages\/8289\/revisions\/9721"}],"wp:attachment":[{"href":"http:\/\/debehogne.be\/dbh\/wp-json\/wp\/v2\/media?parent=8289"}],"curies":[{"name":"wp","href":"https:\/\/api.w.org\/{rel}","templated":true}]}}